{"id":3474,"date":"2025-07-31T14:23:57","date_gmt":"2025-07-31T18:23:57","guid":{"rendered":"https:\/\/amaro.ca\/politique-sur-la-protection-des-renseignements-personnels\/"},"modified":"2025-10-08T15:38:14","modified_gmt":"2025-10-08T19:38:14","slug":"privacy-policy","status":"publish","type":"page","link":"https:\/\/amaro.ca\/en\/privacy-policy\/","title":{"rendered":"Protection of personal information policy"},"content":{"rendered":"\t\t<div data-elementor-type=\"wp-page\" data-elementor-id=\"3474\" class=\"elementor elementor-3474 elementor-1314\" data-elementor-post-type=\"page\">\n\t\t\t\t<div class=\"elementor-element elementor-element-ed1e3f6 e-flex e-con-boxed e-con e-parent\" data-id=\"ed1e3f6\" data-element_type=\"container\" data-e-type=\"container\" data-settings=\"{&quot;background_background&quot;:&quot;classic&quot;}\">\n\t\t\t\t\t<div class=\"e-con-inner\">\n\t\t\t\t<div class=\"elementor-element elementor-element-dddf4ae elementor-widget elementor-widget-heading\" data-id=\"dddf4ae\" data-element_type=\"widget\" data-e-type=\"widget\" data-widget_type=\"heading.default\">\n\t\t\t\t<div class=\"elementor-widget-container\">\n\t\t\t\t\t<h1 class=\"elementor-heading-title elementor-size-default\">Protection of personal information policy\n<\/h1>\t\t\t\t<\/div>\n\t\t\t\t<\/div>\n\t\t\t\t<div class=\"elementor-element elementor-element-14914c0 elementor-widget elementor-widget-text-editor\" data-id=\"14914c0\" data-element_type=\"widget\" data-e-type=\"widget\" data-widget_type=\"text-editor.default\">\n\t\t\t\t<div class=\"elementor-widget-container\">\n\t\t\t\t\t\t\t\t\t<p>Amaro inc. (\u201c<strong>Amaro<\/strong>\u201d, \u201c<strong>us<\/strong>\u201d or \u201c<strong>we<\/strong>\u201d) is aware of the need to protect the Personal Information provided to us, including while making use of our Site, and is committed to maintain the privacy and security of Personal Information.<\/p><p>This Policy describes Amaro\u2019s practices with respect to the Collection, Use or Disclosure of Personal Information. The application of this Policy remains subject to applicable legislation, including the\u00a0<em>Act respecting the protection of personal information in the private sector<\/em>.<\/p><p>\u00a0<\/p><h3><strong>Definitions<br \/><\/strong><\/h3><p>\u201c<strong>Collection<\/strong>\u201d means the collection or acquisition of Personal Information, including from a Third Party; the term \u201c<strong>Collecting<\/strong>\u201d has a similar meaning.<\/p><p>\u201c<strong>Cookie<\/strong>\u201d means a small text file or piece of data that is downloaded to and stored on a computer or device while visiting a website.<\/p><p>\u201c<strong>Disclosure<\/strong>\u201d means the disclosure of Personal Information to a Third Party; the term \u201c<strong>Disclosing<\/strong>\u201d has a similar meaning.<\/p><p>\u201c<strong>Personal Information<\/strong>\u201d means any information which relates to a natural person and allows that person to be identified, including, but not limited to, names, addresses, email addresses and dates of birth.<\/p><p>\u201c<strong>Policy<\/strong>\u201d means this protection of personal information policy.<\/p><p>\u00ab\u00a0<strong>Site\u00a0<\/strong>\u00bb means our amaro.ca website, social media pages and other platforms belonging to Amaro.<\/p><p>\u201c<strong>Third Party<\/strong>\u201d means a person (natural or legal) other than you or Amaro. \u201c<strong>Third-party<\/strong>\u201d has a similar meaning.<\/p><p>\u201c<strong>Tracking<\/strong>\u00a0<strong>Pixel<\/strong>\u201d means very small graphic element with a unique identifier that can be used on a website to measure a person\u2019s interactions with said a website and the services offered therein.<\/p><p>\u201c<strong>Use<\/strong>\u201d means the processing, handling, storage and management of Personal Information by Amaro; the term \u201c<strong>Using<\/strong>\u201d has a similar meaning.<\/p><p>\u00a0<\/p><h3><strong>Our commitment<\/strong><\/h3><p>Amaro undertakes, at all times, to protect all Personal Information it holds and to respect their confidentiality. The Collection, Use and Disclosure of Personal Information by Amaro will be performed at all times in accordance with applicable laws and the following guidelines:<\/p><ul><li>Personal Information is only gathered with the subject consent;<\/li><li>Personal Information is kept strictly confidential and secure;<\/li><li>Personal Information is only Used for the identified purposes;<\/li><li>Personal Information will be destroyed, de-identified or anonymized when they are no longer needed for the identified purposes or required by law; and<\/li><li>Personal Information may be accessed by the subject upon request.<\/li><\/ul><p>\u00a0<\/p><h3><strong>Consent<\/strong><\/h3><p>Unless exempted by law, Amaro must inform an individual and obtain its consent to the Collection, Use or Disclosure of its Personal Information.<\/p><p>\u00a0<\/p><h3><strong>Personal information collected<\/strong><\/h3><p>In the course of its interactions with us, we may Collect, Use or Disclose an individual Personal Information, including:<\/p><ul><li>its contact information (name, address, email or phone number);<\/li><li>its communications with Amaro;<\/li><li>information about the Site usage and the devices used to that end; and<\/li><li>Recruitment-related information as part of a job application (resumes, information about its professional or academic background, etc.).<\/li><li>Amaro may also process a person\u2019s account credentials, passwords, profile information and other Personal Information it provided to facilitate the use of the Site.<\/li><\/ul><p>In some cases, Personal Information that includes technical properties and general usage information of software and hardware utilized in conjunction with the Site might be Collected, Used or Disclosed, including the types of web browser, referring or exit web pages, operating system version, hardware used and IP address.<\/p><p>We do not Collect sensitive information, such as political or religious beliefs, ethnic background, sexual preference, health or any other sensitive information.<\/p><p>We do not seek to Collect information about minors and if you believe your child may have shared its Personal Information with us, please contact us by contacting our Chief Privacy Officer as set forth below.<\/p><p>We shall limit Collection of Personal Information to that which is necessary to fulfil the identified purposes and only Collect such Personal Information by legal means.<\/p><p>\u00a0<\/p><h3><strong>How we use personal information<\/strong><\/h3><p>Except where allowed or required by law, we only Use the Personal Information provided\u00a0to us for the identified purposes for their Collection and we will not Use them for any other purpose without the consent of the concerned.<\/p><p>\u00a0<\/p><h3><strong>Cookies and tracking pixels<\/strong><\/h3><p>By using this Site, you consent to Amaro use of Cookies and Tracking Pixels which enable Amaro, among other things, to recognize you when you visit the Site so as to customize your browsing experience based on your preferences and provide a customized offering of services and products on our Site. Most browsers are initially set to accept Cookies and Tracking Pixels. You can usually change your browser settings to (i) refuse Cookies or Tracking Pixels or to indicate when a Cookie or Tracking Pixel is being sent; or (ii) remove or block browser Cookies or Tracking Pixels, but that may impact your ability to use the Site as it may not work well or at all.<\/p><p>\u00a0<\/p><h3><strong>How we safeguard personal information<\/strong><\/h3><p>We take reasonable steps to protect Personal Informations against loss or theft and unauthorized access, Disclosure, copying, Use, modification or destruction and use safeguards appropriate at all times.<\/p><p>Any person we authorized who has access to Personal Informations must respect their confidentiality.<\/p><p>Amaro will destroy, de-identify or anonymize any Personal Infomation no longer needed for the identified purposes or required by law according to its established internal controls, schedules and practices.<\/p><p>From time to time, we may ask other members of our group, or Third-party service providers, to help us manage our information technology systems used to process Personal Information.<\/p><p>We will only Disclose Personal Information to a Third-party service provider where we are satisfied that (i) adequate levels of protection are in place to protect the integrity and security of any Personal Information being processed; and (i) compliance with applicable Personal Information protection legislation is achieved. These measures include use of standard contractual clauses stating the confidentiality of the Personal Information and the identified purposes.<\/p><p>The Internet is not a secure means of communication and that we make no representations or warranties as to the absolute security of Personal Information so provided. You acknowledge that the transmission of Personal Information via the Internet is at your own risk.<\/p><p>\u00a0<\/p><h3><strong>Sharing and disclosure<\/strong><\/h3><p>We do not sell or rent any Personal Information to any Third Party except as provided herein. We may have to Disclose Personal Information in response to legal process, for example in response to a court order or a subpoena, or in response to a law enforcement agency\u2019s request, or where we believe it is necessary to investigate, prevent\u00a0or\u00a0take action regarding illegal activities, and as otherwise required by law.<\/p><p>\u00a0<\/p><h3><strong>Your rights regarding the personal information provided to us<\/strong><\/h3><p><em><strong>General rights\u00a0applicable to all users<\/strong><\/em><\/p><ul><li>If you wish to stop receiving marketing communications from us then please click on the \u201cunsubscribe\u201d link at the bottom of the relevant mailing. If you wish to opt out completely, then please contact us at using the details provided below.<\/li><li>If you would like us to delete or correct your Personal Information from our records, please contact us using the contact details below and we will respond within a reasonable time. Please note that we may be required to retain certain information by law or for our own legitimate business purpose.<\/li><\/ul><p>If you exercise the rights above and there is any question about who you are, we may require you to provide information from which we can satisfy ourselves as to your identity.<\/p><p>\u00a0<\/p><h3><strong>Our responsibility for external links<\/strong><\/h3><p>We may provide links to external elements or Third-party websites, including, but not limited to social media sites such as Facebook. If you follow these links, you should use these sites in conjunction with their applicable user and privacy notices. Furthermore, we can have no responsibility for the information Collected by any Third Party under those circumstances and we cannot be responsible for Collection, Usage and protection of any information which you may so provide.<\/p><p>\u00a0<\/p><h3><strong>Contact us<\/strong><\/h3><p>All comments, inquiries or complaints regarding our privacy practices or your Personal Information can be addressed to our Data Protection Officer at:<\/p><p>AMARO INC.<br \/>4061, Grand rang Sainte-Catherine,<br \/>Saint-Cuthbert (Quebec) J0K 2C0<\/p><p>Attention: Data Protection Officer<\/p><p>Email: <a href=\"mailto:rprp@amaro.ca\">rprp@amaro.ca<\/a><\/p><p><strong>LAST REVISED: October 4<sup>th<\/sup>\u00a02023<\/strong><\/p>\t\t\t\t\t\t\t\t<\/div>\n\t\t\t\t<\/div>\n\t\t\t\t\t<\/div>\n\t\t\t\t<\/div>\n\t\t\t\t<\/div>\n\t\t","protected":false},"excerpt":{"rendered":"<p>Protection of personal information policy Amaro inc. (\u201cAmaro\u201d, \u201cus\u201d or \u201cwe\u201d) is aware of the need to protect the Personal Information provided to us, including while making use of our Site, and is committed to maintain the privacy and security of Personal Information. This Policy describes Amaro\u2019s practices with respect to the Collection, Use or [&hellip;]<\/p>\n","protected":false},"author":15,"featured_media":0,"parent":0,"menu_order":-5000,"comment_status":"closed","ping_status":"closed","template":"","meta":{"_acf_changed":false,"footnotes":""},"class_list":["post-3474","page","type-page","status-publish","hentry"],"acf":[],"yoast_head":"<!-- This site is optimized with the Yoast SEO plugin v27.0 - https:\/\/yoast.com\/product\/yoast-seo-wordpress\/ -->\n<title>Politique sur la protection des renseignements personnels \u2502 Amaro<\/title>\n<meta name=\"description\" content=\"Amaro inc. est soucieuse du respect des Renseignements personnels qui nous sont confi\u00e9s, incluant lors de l\u2019utilisation notre Site et s\u2019engage au maintien de la confidentialit\u00e9 et de la s\u00e9curit\u00e9 des Renseignements personnels.\" \/>\n<meta name=\"robots\" content=\"index, follow, max-snippet:-1, max-image-preview:large, max-video-preview:-1\" \/>\n<link rel=\"canonical\" href=\"https:\/\/amaro.ca\/en\/privacy-policy\/\" \/>\n<meta property=\"og:locale\" content=\"en_US\" \/>\n<meta property=\"og:type\" content=\"article\" \/>\n<meta property=\"og:title\" content=\"Politique sur la protection des renseignements personnels \u2502 Amaro\" \/>\n<meta property=\"og:description\" content=\"Amaro inc. est soucieuse du respect des Renseignements personnels qui nous sont confi\u00e9s, incluant lors de l\u2019utilisation notre Site et s\u2019engage au maintien de la confidentialit\u00e9 et de la s\u00e9curit\u00e9 des Renseignements personnels.\" \/>\n<meta property=\"og:url\" content=\"https:\/\/amaro.ca\/en\/privacy-policy\/\" \/>\n<meta property=\"og:site_name\" content=\"Eau de source naturelle embouteill\u00e9e au Qu\u00e9bec | Amaro\" \/>\n<meta property=\"article:modified_time\" content=\"2025-10-08T19:38:14+00:00\" \/>\n<meta property=\"og:image\" content=\"https:\/\/amaro.ca\/wp-content\/uploads\/2025\/08\/og-image-amaro.jpg\" \/>\n\t<meta property=\"og:image:width\" content=\"1200\" \/>\n\t<meta property=\"og:image:height\" content=\"630\" \/>\n\t<meta property=\"og:image:type\" content=\"image\/jpeg\" \/>\n<meta name=\"twitter:card\" content=\"summary_large_image\" \/>\n<meta name=\"twitter:label1\" content=\"Est. reading time\" \/>\n\t<meta name=\"twitter:data1\" content=\"7 minutes\" \/>\n<script type=\"application\/ld+json\" class=\"yoast-schema-graph\">{\"@context\":\"https:\/\/schema.org\",\"@graph\":[{\"@type\":\"WebPage\",\"@id\":\"https:\/\/amaro.ca\/en\/privacy-policy\/\",\"url\":\"https:\/\/amaro.ca\/en\/privacy-policy\/\",\"name\":\"Politique sur la protection des renseignements personnels \u2502 Amaro\",\"isPartOf\":{\"@id\":\"https:\/\/amaro.ca\/en\/#website\"},\"datePublished\":\"2025-07-31T18:23:57+00:00\",\"dateModified\":\"2025-10-08T19:38:14+00:00\",\"description\":\"Amaro inc. est soucieuse du respect des Renseignements personnels qui nous sont confi\u00e9s, incluant lors de l\u2019utilisation notre Site et s\u2019engage au maintien de la confidentialit\u00e9 et de la s\u00e9curit\u00e9 des Renseignements personnels.\",\"breadcrumb\":{\"@id\":\"https:\/\/amaro.ca\/en\/privacy-policy\/#breadcrumb\"},\"inLanguage\":\"en-US\",\"potentialAction\":[{\"@type\":\"ReadAction\",\"target\":[\"https:\/\/amaro.ca\/en\/privacy-policy\/\"]}]},{\"@type\":\"BreadcrumbList\",\"@id\":\"https:\/\/amaro.ca\/en\/privacy-policy\/#breadcrumb\",\"itemListElement\":[{\"@type\":\"ListItem\",\"position\":1,\"name\":\"Accueil\",\"item\":\"https:\/\/amaro.ca\/en\/\"},{\"@type\":\"ListItem\",\"position\":2,\"name\":\"Protection of personal information policy\"}]},{\"@type\":\"WebSite\",\"@id\":\"https:\/\/amaro.ca\/en\/#website\",\"url\":\"https:\/\/amaro.ca\/en\/\",\"name\":\"Eau de source naturelle embouteill\u00e9e au Qu\u00e9bec | Amaro\",\"description\":\"Offrant une eau de source naturelle et des refroidisseurs haut de gamme, nous sommes l'entreprise qu\u00e9b\u00e9coise \u00e0 choisir. Livraison et entretien disponibles.\",\"publisher\":{\"@id\":\"https:\/\/amaro.ca\/en\/#organization\"},\"potentialAction\":[{\"@type\":\"SearchAction\",\"target\":{\"@type\":\"EntryPoint\",\"urlTemplate\":\"https:\/\/amaro.ca\/en\/?s={search_term_string}\"},\"query-input\":{\"@type\":\"PropertyValueSpecification\",\"valueRequired\":true,\"valueName\":\"search_term_string\"}}],\"inLanguage\":\"en-US\"},{\"@type\":\"Organization\",\"@id\":\"https:\/\/amaro.ca\/en\/#organization\",\"name\":\"Eau de source naturelle embouteill\u00e9e au Qu\u00e9bec | Amaro\",\"url\":\"https:\/\/amaro.ca\/en\/\",\"logo\":{\"@type\":\"ImageObject\",\"inLanguage\":\"en-US\",\"@id\":\"https:\/\/amaro.ca\/en\/#\/schema\/logo\/image\/\",\"url\":\"https:\/\/amaro.ca\/wp-content\/uploads\/2020\/10\/logo-amaro-fr-bleu.svg\",\"contentUrl\":\"https:\/\/amaro.ca\/wp-content\/uploads\/2020\/10\/logo-amaro-fr-bleu.svg\",\"width\":307,\"height\":130,\"caption\":\"Eau de source naturelle embouteill\u00e9e au Qu\u00e9bec | Amaro\"},\"image\":{\"@id\":\"https:\/\/amaro.ca\/en\/#\/schema\/logo\/image\/\"}}]}<\/script>\n<!-- \/ Yoast SEO plugin. -->","yoast_head_json":{"title":"Politique sur la protection des renseignements personnels \u2502 Amaro","description":"Amaro inc. est soucieuse du respect des Renseignements personnels qui nous sont confi\u00e9s, incluant lors de l\u2019utilisation notre Site et s\u2019engage au maintien de la confidentialit\u00e9 et de la s\u00e9curit\u00e9 des Renseignements personnels.","robots":{"index":"index","follow":"follow","max-snippet":"max-snippet:-1","max-image-preview":"max-image-preview:large","max-video-preview":"max-video-preview:-1"},"canonical":"https:\/\/amaro.ca\/en\/privacy-policy\/","og_locale":"en_US","og_type":"article","og_title":"Politique sur la protection des renseignements personnels \u2502 Amaro","og_description":"Amaro inc. est soucieuse du respect des Renseignements personnels qui nous sont confi\u00e9s, incluant lors de l\u2019utilisation notre Site et s\u2019engage au maintien de la confidentialit\u00e9 et de la s\u00e9curit\u00e9 des Renseignements personnels.","og_url":"https:\/\/amaro.ca\/en\/privacy-policy\/","og_site_name":"Eau de source naturelle embouteill\u00e9e au Qu\u00e9bec | Amaro","article_modified_time":"2025-10-08T19:38:14+00:00","og_image":[{"width":1200,"height":630,"url":"https:\/\/amaro.ca\/wp-content\/uploads\/2025\/08\/og-image-amaro.jpg","type":"image\/jpeg"}],"twitter_card":"summary_large_image","twitter_misc":{"Est. reading time":"7 minutes"},"schema":{"@context":"https:\/\/schema.org","@graph":[{"@type":"WebPage","@id":"https:\/\/amaro.ca\/en\/privacy-policy\/","url":"https:\/\/amaro.ca\/en\/privacy-policy\/","name":"Politique sur la protection des renseignements personnels \u2502 Amaro","isPartOf":{"@id":"https:\/\/amaro.ca\/en\/#website"},"datePublished":"2025-07-31T18:23:57+00:00","dateModified":"2025-10-08T19:38:14+00:00","description":"Amaro inc. est soucieuse du respect des Renseignements personnels qui nous sont confi\u00e9s, incluant lors de l\u2019utilisation notre Site et s\u2019engage au maintien de la confidentialit\u00e9 et de la s\u00e9curit\u00e9 des Renseignements personnels.","breadcrumb":{"@id":"https:\/\/amaro.ca\/en\/privacy-policy\/#breadcrumb"},"inLanguage":"en-US","potentialAction":[{"@type":"ReadAction","target":["https:\/\/amaro.ca\/en\/privacy-policy\/"]}]},{"@type":"BreadcrumbList","@id":"https:\/\/amaro.ca\/en\/privacy-policy\/#breadcrumb","itemListElement":[{"@type":"ListItem","position":1,"name":"Accueil","item":"https:\/\/amaro.ca\/en\/"},{"@type":"ListItem","position":2,"name":"Protection of personal information policy"}]},{"@type":"WebSite","@id":"https:\/\/amaro.ca\/en\/#website","url":"https:\/\/amaro.ca\/en\/","name":"Eau de source naturelle embouteill\u00e9e au Qu\u00e9bec | Amaro","description":"Offrant une eau de source naturelle et des refroidisseurs haut de gamme, nous sommes l'entreprise qu\u00e9b\u00e9coise \u00e0 choisir. Livraison et entretien disponibles.","publisher":{"@id":"https:\/\/amaro.ca\/en\/#organization"},"potentialAction":[{"@type":"SearchAction","target":{"@type":"EntryPoint","urlTemplate":"https:\/\/amaro.ca\/en\/?s={search_term_string}"},"query-input":{"@type":"PropertyValueSpecification","valueRequired":true,"valueName":"search_term_string"}}],"inLanguage":"en-US"},{"@type":"Organization","@id":"https:\/\/amaro.ca\/en\/#organization","name":"Eau de source naturelle embouteill\u00e9e au Qu\u00e9bec | Amaro","url":"https:\/\/amaro.ca\/en\/","logo":{"@type":"ImageObject","inLanguage":"en-US","@id":"https:\/\/amaro.ca\/en\/#\/schema\/logo\/image\/","url":"https:\/\/amaro.ca\/wp-content\/uploads\/2020\/10\/logo-amaro-fr-bleu.svg","contentUrl":"https:\/\/amaro.ca\/wp-content\/uploads\/2020\/10\/logo-amaro-fr-bleu.svg","width":307,"height":130,"caption":"Eau de source naturelle embouteill\u00e9e au Qu\u00e9bec | Amaro"},"image":{"@id":"https:\/\/amaro.ca\/en\/#\/schema\/logo\/image\/"}}]}},"_links":{"self":[{"href":"https:\/\/amaro.ca\/en\/wp-json\/wp\/v2\/pages\/3474","targetHints":{"allow":["GET"]}}],"collection":[{"href":"https:\/\/amaro.ca\/en\/wp-json\/wp\/v2\/pages"}],"about":[{"href":"https:\/\/amaro.ca\/en\/wp-json\/wp\/v2\/types\/page"}],"author":[{"embeddable":true,"href":"https:\/\/amaro.ca\/en\/wp-json\/wp\/v2\/users\/15"}],"replies":[{"embeddable":true,"href":"https:\/\/amaro.ca\/en\/wp-json\/wp\/v2\/comments?post=3474"}],"version-history":[{"count":12,"href":"https:\/\/amaro.ca\/en\/wp-json\/wp\/v2\/pages\/3474\/revisions"}],"predecessor-version":[{"id":3987,"href":"https:\/\/amaro.ca\/en\/wp-json\/wp\/v2\/pages\/3474\/revisions\/3987"}],"wp:attachment":[{"href":"https:\/\/amaro.ca\/en\/wp-json\/wp\/v2\/media?parent=3474"}],"curies":[{"name":"wp","href":"https:\/\/api.w.org\/{rel}","templated":true}]}}